{"id":15,"date":"2021-06-24T11:21:45","date_gmt":"2021-06-24T14:21:45","guid":{"rendered":"https:\/\/meusiteimpar.com.br\/rrpneus\/?page_id=15"},"modified":"2025-01-09T11:22:15","modified_gmt":"2025-01-09T14:22:15","slug":"empresa","status":"publish","type":"page","link":"https:\/\/rrpneus.com.br\/site\/empresa\/","title":{"rendered":"Empresa"},"content":{"rendered":"\t\t<div data-elementor-type=\"wp-page\" data-elementor-id=\"15\" class=\"elementor elementor-15\" data-elementor-settings=\"{&quot;ha_cmc_init_switcher&quot;:&quot;no&quot;}\" data-elementor-post-type=\"page\">\n\t\t\t\t\t\t<section class=\"elementor-section elementor-top-section elementor-element elementor-element-932fdfe elementor-section-boxed elementor-section-height-default elementor-section-height-default\" data-id=\"932fdfe\" data-element_type=\"section\" data-e-type=\"section\" data-settings=\"{&quot;_ha_eqh_enable&quot;:false}\">\n\t\t\t\t\t\t<div class=\"elementor-container elementor-column-gap-default\">\n\t\t\t\t\t<div class=\"elementor-column elementor-col-50 elementor-top-column elementor-element elementor-element-ab46c39\" data-id=\"ab46c39\" data-element_type=\"column\" data-e-type=\"column\">\n\t\t\t<div class=\"elementor-widget-wrap elementor-element-populated\">\n\t\t\t\t\t\t<div class=\"elementor-element elementor-element-5d374ee elementor-widget elementor-widget-heading\" data-id=\"5d374ee\" data-element_type=\"widget\" data-e-type=\"widget\" data-widget_type=\"heading.default\">\n\t\t\t\t<div class=\"elementor-widget-container\">\n\t\t\t\t\t<h2 class=\"elementor-heading-title elementor-size-default\">H\u00c1 36 ANOS OFERECENDO AS MELHORES SOLU\u00c7\u00d5ES EM PNEUS E SERVI\u00c7OS AUTOMOTIVOS<\/h2>\t\t\t\t<\/div>\n\t\t\t\t<\/div>\n\t\t\t\t<div class=\"elementor-element elementor-element-5eea7e6 elementor-widget elementor-widget-text-editor\" data-id=\"5eea7e6\" data-element_type=\"widget\" data-e-type=\"widget\" data-widget_type=\"text-editor.default\">\n\t\t\t\t<div class=\"elementor-widget-container\">\n\t\t\t\t\t\t\t\t\t<p><strong>Maior Revenda Bridgestone na Regi\u00e3o NORTE E NORDESTE. Tradi\u00e7\u00e3o e confian\u00e7a para atender voc\u00ea!<\/strong><\/p><p>Somos distribuidores Bridgestone e Firestone, atuamos com atacado e varejo, uma linha completa de pe\u00e7as e acess\u00f3rios, pneus de passeio, caminhonetes, carga e agr\u00edcola!<\/p>\t\t\t\t\t\t\t\t<\/div>\n\t\t\t\t<\/div>\n\t\t\t\t\t<\/div>\n\t\t<\/div>\n\t\t\t\t<div class=\"elementor-column elementor-col-50 elementor-top-column elementor-element elementor-element-8a13076\" data-id=\"8a13076\" data-element_type=\"column\" data-e-type=\"column\">\n\t\t\t<div class=\"elementor-widget-wrap elementor-element-populated\">\n\t\t\t\t\t\t<div class=\"elementor-element elementor-element-e594c38 elementor-widget elementor-widget-image\" data-id=\"e594c38\" data-element_type=\"widget\" data-e-type=\"widget\" data-widget_type=\"image.default\">\n\t\t\t\t<div class=\"elementor-widget-container\">\n\t\t\t\t\t\t\t\t\t\t\t\t\t\t\t<img fetchpriority=\"high\" decoding=\"async\" width=\"580\" height=\"408\" src=\"https:\/\/rrpneus.com.br\/site\/wp-content\/uploads\/2021\/07\/Sem-Titulo-1.png\" class=\"attachment-large size-large wp-image-1435\" alt=\"\" srcset=\"https:\/\/rrpneus.com.br\/site\/wp-content\/uploads\/2021\/07\/Sem-Titulo-1.png 665w, https:\/\/rrpneus.com.br\/site\/wp-content\/uploads\/2021\/07\/Sem-Titulo-1-300x211.png 300w\" sizes=\"(max-width: 580px) 100vw, 580px\" \/>\t\t\t\t\t\t\t\t\t\t\t\t\t\t\t<\/div>\n\t\t\t\t<\/div>\n\t\t\t\t\t<\/div>\n\t\t<\/div>\n\t\t\t\t\t<\/div>\n\t\t<\/section>\n\t\t\t\t<section class=\"elementor-section elementor-top-section elementor-element elementor-element-96214b6 elementor-section-boxed elementor-section-height-default elementor-section-height-default\" data-id=\"96214b6\" data-element_type=\"section\" data-e-type=\"section\" data-settings=\"{&quot;background_background&quot;:&quot;classic&quot;,&quot;_ha_eqh_enable&quot;:false}\">\n\t\t\t\t\t\t<div class=\"elementor-container elementor-column-gap-default\">\n\t\t\t\t\t<div class=\"elementor-column elementor-col-50 elementor-top-column elementor-element elementor-element-1d9829f\" data-id=\"1d9829f\" data-element_type=\"column\" data-e-type=\"column\">\n\t\t\t<div class=\"elementor-widget-wrap elementor-element-populated\">\n\t\t\t\t\t\t<div class=\"elementor-element elementor-element-9d547c3 elementor-widget elementor-widget-heading\" data-id=\"9d547c3\" data-element_type=\"widget\" data-e-type=\"widget\" data-widget_type=\"heading.default\">\n\t\t\t\t<div class=\"elementor-widget-container\">\n\t\t\t\t\t<h2 class=\"elementor-heading-title elementor-size-default\">Miss\u00e3o<\/h2>\t\t\t\t<\/div>\n\t\t\t\t<\/div>\n\t\t\t\t<div class=\"elementor-element elementor-element-85fe21b elementor-widget elementor-widget-text-editor\" data-id=\"85fe21b\" data-element_type=\"widget\" data-e-type=\"widget\" data-widget_type=\"text-editor.default\">\n\t\t\t\t<div class=\"elementor-widget-container\">\n\t\t\t\t\t\t\t\t\t<p>Comercializar servi\u00e7os, produtos pneum\u00e1ticos, autope\u00e7as e ve\u00edculos com excel\u00eancia, buscando antecipar solu\u00e7\u00f5es \u00e0s necessidades de nossos clientes externos e internos, excedendo sempre as expectativas de satisfa\u00e7\u00e3o dos mesmos.<\/p>\t\t\t\t\t\t\t\t<\/div>\n\t\t\t\t<\/div>\n\t\t\t\t<div class=\"elementor-element elementor-element-bc7f92a elementor-widget elementor-widget-spacer\" data-id=\"bc7f92a\" data-element_type=\"widget\" data-e-type=\"widget\" data-widget_type=\"spacer.default\">\n\t\t\t\t<div class=\"elementor-widget-container\">\n\t\t\t\t\t\t\t<div class=\"elementor-spacer\">\n\t\t\t<div class=\"elementor-spacer-inner\"><\/div>\n\t\t<\/div>\n\t\t\t\t\t\t<\/div>\n\t\t\t\t<\/div>\n\t\t\t\t<div class=\"elementor-element elementor-element-9677080 elementor-widget elementor-widget-image\" data-id=\"9677080\" data-element_type=\"widget\" data-e-type=\"widget\" data-widget_type=\"image.default\">\n\t\t\t\t<div class=\"elementor-widget-container\">\n\t\t\t\t\t\t\t\t\t\t\t\t\t\t\t<img decoding=\"async\" width=\"580\" height=\"181\" src=\"https:\/\/rrpneus.com.br\/site\/wp-content\/uploads\/2021\/07\/fachada-rr-pneus-empresa-1024x320.png\" class=\"attachment-large size-large wp-image-1966\" alt=\"\" srcset=\"https:\/\/rrpneus.com.br\/site\/wp-content\/uploads\/2021\/07\/fachada-rr-pneus-empresa-1024x320.png 1024w, https:\/\/rrpneus.com.br\/site\/wp-content\/uploads\/2021\/07\/fachada-rr-pneus-empresa-300x94.png 300w, https:\/\/rrpneus.com.br\/site\/wp-content\/uploads\/2021\/07\/fachada-rr-pneus-empresa-768x240.png 768w, https:\/\/rrpneus.com.br\/site\/wp-content\/uploads\/2021\/07\/fachada-rr-pneus-empresa-1536x480.png 1536w, https:\/\/rrpneus.com.br\/site\/wp-content\/uploads\/2021\/07\/fachada-rr-pneus-empresa-1200x375.png 1200w, https:\/\/rrpneus.com.br\/site\/wp-content\/uploads\/2021\/07\/fachada-rr-pneus-empresa.png 1920w\" sizes=\"(max-width: 580px) 100vw, 580px\" \/>\t\t\t\t\t\t\t\t\t\t\t\t\t\t\t<\/div>\n\t\t\t\t<\/div>\n\t\t\t\t\t<\/div>\n\t\t<\/div>\n\t\t\t\t<div class=\"elementor-column elementor-col-50 elementor-top-column elementor-element elementor-element-8f48ee0\" data-id=\"8f48ee0\" data-element_type=\"column\" data-e-type=\"column\">\n\t\t\t<div class=\"elementor-widget-wrap elementor-element-populated\">\n\t\t\t\t\t\t<section class=\"elementor-section elementor-inner-section elementor-element elementor-element-3165274 elementor-section-boxed elementor-section-height-default elementor-section-height-default\" data-id=\"3165274\" data-element_type=\"section\" data-e-type=\"section\" data-settings=\"{&quot;_ha_eqh_enable&quot;:false}\">\n\t\t\t\t\t\t<div class=\"elementor-container elementor-column-gap-default\">\n\t\t\t\t\t<div class=\"elementor-column elementor-col-100 elementor-inner-column elementor-element elementor-element-38b5870\" data-id=\"38b5870\" data-element_type=\"column\" data-e-type=\"column\">\n\t\t\t<div class=\"elementor-widget-wrap elementor-element-populated\">\n\t\t\t\t\t\t<div class=\"elementor-element elementor-element-0825cc9 elementor-widget elementor-widget-heading\" data-id=\"0825cc9\" data-element_type=\"widget\" data-e-type=\"widget\" data-widget_type=\"heading.default\">\n\t\t\t\t<div class=\"elementor-widget-container\">\n\t\t\t\t\t<h2 class=\"elementor-heading-title elementor-size-default\">Vis\u00e3o<\/h2>\t\t\t\t<\/div>\n\t\t\t\t<\/div>\n\t\t\t\t<div class=\"elementor-element elementor-element-699c8b0 elementor-widget elementor-widget-text-editor\" data-id=\"699c8b0\" data-element_type=\"widget\" data-e-type=\"widget\" data-widget_type=\"text-editor.default\">\n\t\t\t\t<div class=\"elementor-widget-container\">\n\t\t\t\t\t\t\t\t\t<p>Sermos reconhecidos como uma das maiores e melhores organiza\u00e7\u00f5es nacionais nos segmentos em que atuamos, por nossa solidifica\u00e7\u00e3o em recursos humanos, forma cooperada de interagir e pelo m\u00e1ximo desempenho comercial apresentado.<\/p>\t\t\t\t\t\t\t\t<\/div>\n\t\t\t\t<\/div>\n\t\t\t\t\t<\/div>\n\t\t<\/div>\n\t\t\t\t\t<\/div>\n\t\t<\/section>\n\t\t\t\t<section class=\"elementor-section elementor-inner-section elementor-element elementor-element-0358b06 elementor-section-boxed elementor-section-height-default elementor-section-height-default\" data-id=\"0358b06\" data-element_type=\"section\" data-e-type=\"section\" data-settings=\"{&quot;_ha_eqh_enable&quot;:false}\">\n\t\t\t\t\t\t<div class=\"elementor-container elementor-column-gap-default\">\n\t\t\t\t\t<div class=\"elementor-column elementor-col-100 elementor-inner-column elementor-element elementor-element-2bbe6bf\" data-id=\"2bbe6bf\" data-element_type=\"column\" data-e-type=\"column\">\n\t\t\t<div class=\"elementor-widget-wrap elementor-element-populated\">\n\t\t\t\t\t\t<div class=\"elementor-element elementor-element-bf35a2f elementor-widget elementor-widget-heading\" data-id=\"bf35a2f\" data-element_type=\"widget\" data-e-type=\"widget\" data-widget_type=\"heading.default\">\n\t\t\t\t<div class=\"elementor-widget-container\">\n\t\t\t\t\t<h2 class=\"elementor-heading-title elementor-size-default\">Princ\u00edpios<\/h2>\t\t\t\t<\/div>\n\t\t\t\t<\/div>\n\t\t\t\t<div class=\"elementor-element elementor-element-8087409 elementor-widget elementor-widget-text-editor\" data-id=\"8087409\" data-element_type=\"widget\" data-e-type=\"widget\" data-widget_type=\"text-editor.default\">\n\t\t\t\t<div class=\"elementor-widget-container\">\n\t\t\t\t\t\t\t\t\t<p>*Busca incessante da qualidade total em todas as a\u00e7\u00f5es da empresa;<\/p><p>*Valoriza\u00e7\u00e3o m\u00e1xima dos clientes externos e internos;<\/p><p>*Obter, em todas as unidades, padr\u00f5es consistentes e superiores de produtividade e rentabilidade;<\/p>\t\t\t\t\t\t\t\t<\/div>\n\t\t\t\t<\/div>\n\t\t\t\t\t<\/div>\n\t\t<\/div>\n\t\t\t\t\t<\/div>\n\t\t<\/section>\n\t\t\t\t\t<\/div>\n\t\t<\/div>\n\t\t\t\t\t<\/div>\n\t\t<\/section>\n\t\t\t\t<\/div>\n\t\t","protected":false},"excerpt":{"rendered":"<p>H\u00c1 36 ANOS OFERECENDO AS MELHORES SOLU\u00c7\u00d5ES EM PNEUS E SERVI\u00c7OS AUTOMOTIVOS Maior Revenda Bridgestone na Regi\u00e3o NORTE E NORDESTE. Tradi\u00e7\u00e3o e confian\u00e7a para atender voc\u00ea! Somos distribuidores Bridgestone e Firestone, atuamos com atacado e varejo, uma linha completa de pe\u00e7as e acess\u00f3rios, pneus de passeio, caminhonetes, carga e agr\u00edcola! Miss\u00e3o Comercializar servi\u00e7os, produtos pneum\u00e1ticos, [&hellip;]<\/p>\n","protected":false},"author":2,"featured_media":0,"parent":0,"menu_order":0,"comment_status":"closed","ping_status":"closed","template":"elementor_header_footer","meta":{"_acf_changed":false,"footnotes":""},"class_list":["post-15","page","type-page","status-publish","hentry"],"acf":[],"_links":{"self":[{"href":"https:\/\/rrpneus.com.br\/site\/wp-json\/wp\/v2\/pages\/15","targetHints":{"allow":["GET"]}}],"collection":[{"href":"https:\/\/rrpneus.com.br\/site\/wp-json\/wp\/v2\/pages"}],"about":[{"href":"https:\/\/rrpneus.com.br\/site\/wp-json\/wp\/v2\/types\/page"}],"author":[{"embeddable":true,"href":"https:\/\/rrpneus.com.br\/site\/wp-json\/wp\/v2\/users\/2"}],"replies":[{"embeddable":true,"href":"https:\/\/rrpneus.com.br\/site\/wp-json\/wp\/v2\/comments?post=15"}],"version-history":[{"count":3,"href":"https:\/\/rrpneus.com.br\/site\/wp-json\/wp\/v2\/pages\/15\/revisions"}],"predecessor-version":[{"id":3340,"href":"https:\/\/rrpneus.com.br\/site\/wp-json\/wp\/v2\/pages\/15\/revisions\/3340"}],"wp:attachment":[{"href":"https:\/\/rrpneus.com.br\/site\/wp-json\/wp\/v2\/media?parent=15"}],"curies":[{"name":"wp","href":"https:\/\/api.w.org\/{rel}","templated":true}]}}