{"id":19,"date":"2021-06-24T11:22:30","date_gmt":"2021-06-24T14:22:30","guid":{"rendered":"https:\/\/meusiteimpar.com.br\/rrpneus\/?page_id=19"},"modified":"2021-11-23T10:24:29","modified_gmt":"2021-11-23T13:24:29","slug":"servicos","status":"publish","type":"page","link":"https:\/\/rrpneus.com.br\/site\/servicos\/","title":{"rendered":"Servi\u00e7os"},"content":{"rendered":"\t\t<div data-elementor-type=\"wp-page\" data-elementor-id=\"19\" class=\"elementor elementor-19\" data-elementor-settings=\"{&quot;ha_cmc_init_switcher&quot;:&quot;no&quot;}\" data-elementor-post-type=\"page\">\n\t\t\t\t\t\t<section class=\"elementor-section elementor-top-section elementor-element elementor-element-b1428c7 elementor-section-boxed elementor-section-height-default elementor-section-height-default\" data-id=\"b1428c7\" data-element_type=\"section\" data-e-type=\"section\" data-settings=\"{&quot;_ha_eqh_enable&quot;:false}\">\n\t\t\t\t\t\t<div class=\"elementor-container elementor-column-gap-default\">\n\t\t\t\t\t<div class=\"elementor-column elementor-col-100 elementor-top-column elementor-element elementor-element-7206460\" data-id=\"7206460\" data-element_type=\"column\" data-e-type=\"column\">\n\t\t\t<div class=\"elementor-widget-wrap elementor-element-populated\">\n\t\t\t\t\t\t<div class=\"elementor-element elementor-element-3f682bf elementor-widget elementor-widget-heading\" data-id=\"3f682bf\" data-element_type=\"widget\" data-e-type=\"widget\" data-widget_type=\"heading.default\">\n\t\t\t\t<div class=\"elementor-widget-container\">\n\t\t\t\t\t<h2 class=\"elementor-heading-title elementor-size-default\">Servi\u00e7os<\/h2>\t\t\t\t<\/div>\n\t\t\t\t<\/div>\n\t\t\t\t<div class=\"elementor-element elementor-element-132c5ab elementor-widget elementor-widget-text-editor\" data-id=\"132c5ab\" data-element_type=\"widget\" data-e-type=\"widget\" data-widget_type=\"text-editor.default\">\n\t\t\t\t<div class=\"elementor-widget-container\">\n\t\t\t\t\t\t\t\t\tServi\u00e7os especializados com garantia e executados por especialistas. Com 21 lojas nos estados do Par\u00e1, Maranh\u00e3o e Cear\u00e1 para atender voc\u00ea!\t\t\t\t\t\t\t\t<\/div>\n\t\t\t\t<\/div>\n\t\t\t\t\t<\/div>\n\t\t<\/div>\n\t\t\t\t\t<\/div>\n\t\t<\/section>\n\t\t\t\t<section class=\"elementor-section elementor-top-section elementor-element elementor-element-54f4bd1 elementor-section-boxed elementor-section-height-default elementor-section-height-default\" data-id=\"54f4bd1\" data-element_type=\"section\" data-e-type=\"section\" id=\"carcenter\" data-settings=\"{&quot;_ha_eqh_enable&quot;:false}\">\n\t\t\t\t\t\t<div class=\"elementor-container elementor-column-gap-default\">\n\t\t\t\t\t<div class=\"elementor-column elementor-col-50 elementor-top-column elementor-element elementor-element-8fb9a18\" data-id=\"8fb9a18\" data-element_type=\"column\" data-e-type=\"column\">\n\t\t\t<div class=\"elementor-widget-wrap elementor-element-populated\">\n\t\t\t\t\t\t<div class=\"elementor-element elementor-element-40324ce elementor-widget elementor-widget-image\" data-id=\"40324ce\" data-element_type=\"widget\" data-e-type=\"widget\" data-widget_type=\"image.default\">\n\t\t\t\t<div class=\"elementor-widget-container\">\n\t\t\t\t\t\t\t\t\t\t\t\t\t\t\t<img decoding=\"async\" src=\"https:\/\/rrpneus.com.br\/site\/wp-content\/uploads\/elementor\/thumbs\/car-mechanic-changing-wheels-car-scaled-p9dvf7l4e338uepedhf5fthl9rcywfqqn5fddfxx1k.jpg\" title=\"Car mechanic changing wheels in car\" alt=\"Car mechanic changing wheels in car\" loading=\"lazy\" \/>\t\t\t\t\t\t\t\t\t\t\t\t\t\t\t<\/div>\n\t\t\t\t<\/div>\n\t\t\t\t\t<\/div>\n\t\t<\/div>\n\t\t\t\t<div class=\"elementor-column elementor-col-50 elementor-top-column elementor-element elementor-element-8f58bf2\" data-id=\"8f58bf2\" data-element_type=\"column\" data-e-type=\"column\" data-settings=\"{&quot;background_background&quot;:&quot;classic&quot;}\">\n\t\t\t<div class=\"elementor-widget-wrap elementor-element-populated\">\n\t\t\t\t\t\t<div class=\"elementor-element elementor-element-743f3e9 elementor-widget elementor-widget-heading\" data-id=\"743f3e9\" data-element_type=\"widget\" data-e-type=\"widget\" data-widget_type=\"heading.default\">\n\t\t\t\t<div class=\"elementor-widget-container\">\n\t\t\t\t\t<h2 class=\"elementor-heading-title elementor-size-default\">Car Center<\/h2>\t\t\t\t<\/div>\n\t\t\t\t<\/div>\n\t\t\t\t<div class=\"elementor-element elementor-element-7682696 elementor-widget elementor-widget-text-editor\" data-id=\"7682696\" data-element_type=\"widget\" data-e-type=\"widget\" data-widget_type=\"text-editor.default\">\n\t\t\t\t<div class=\"elementor-widget-container\">\n\t\t\t\t\t\t\t\t\t<p>&#8211; Alinhamento e balanceamento de rodas<\/p><p>&#8211; Desempeno de Rodas<\/p><p>&#8211; Troca de lubrificantes e filtros em geral (ar, \u00f3leo, cabine, combust\u00edvel)<\/p><p>&#8211; Troca de pe\u00e7as de suspens\u00e3o e freio para ve\u00edculos nacionais e importados<\/p><p>&#8211; Baterias<\/p><p>&#8211; Rodas de ferro e liga leve<\/p>\t\t\t\t\t\t\t\t<\/div>\n\t\t\t\t<\/div>\n\t\t\t\t<div class=\"elementor-element elementor-element-4b4261a elementor-align-center elementor-widget elementor-widget-button\" data-id=\"4b4261a\" data-element_type=\"widget\" data-e-type=\"widget\" data-widget_type=\"button.default\">\n\t\t\t\t<div class=\"elementor-widget-container\">\n\t\t\t\t\t\t\t\t\t<div class=\"elementor-button-wrapper\">\n\t\t\t\t\t<a class=\"elementor-button elementor-button-link elementor-size-sm elementor-animation-shrink\" href=\"#FormRodape\">\n\t\t\t\t\t\t<span class=\"elementor-button-content-wrapper\">\n\t\t\t\t\t\t\t\t\t<span class=\"elementor-button-text\">Solicite or\u00e7amento<\/span>\n\t\t\t\t\t<\/span>\n\t\t\t\t\t<\/a>\n\t\t\t\t<\/div>\n\t\t\t\t\t\t\t\t<\/div>\n\t\t\t\t<\/div>\n\t\t\t\t\t<\/div>\n\t\t<\/div>\n\t\t\t\t\t<\/div>\n\t\t<\/section>\n\t\t\t\t<section class=\"elementor-section elementor-top-section elementor-element elementor-element-76bfed8 elementor-reverse-mobile elementor-section-boxed elementor-section-height-default elementor-section-height-default\" data-id=\"76bfed8\" data-element_type=\"section\" data-e-type=\"section\" id=\"truckcenter\" data-settings=\"{&quot;_ha_eqh_enable&quot;:false}\">\n\t\t\t\t\t\t<div class=\"elementor-container elementor-column-gap-default\">\n\t\t\t\t\t<div class=\"elementor-column elementor-col-50 elementor-top-column elementor-element elementor-element-a2ac8a5\" data-id=\"a2ac8a5\" data-element_type=\"column\" data-e-type=\"column\" data-settings=\"{&quot;background_background&quot;:&quot;classic&quot;}\">\n\t\t\t<div class=\"elementor-widget-wrap elementor-element-populated\">\n\t\t\t\t\t\t<div class=\"elementor-element elementor-element-e63a3db elementor-widget elementor-widget-heading\" data-id=\"e63a3db\" data-element_type=\"widget\" data-e-type=\"widget\" data-widget_type=\"heading.default\">\n\t\t\t\t<div class=\"elementor-widget-container\">\n\t\t\t\t\t<h2 class=\"elementor-heading-title elementor-size-default\">Truck Center<\/h2>\t\t\t\t<\/div>\n\t\t\t\t<\/div>\n\t\t\t\t<div class=\"elementor-element elementor-element-568bba5 elementor-widget elementor-widget-text-editor\" data-id=\"568bba5\" data-element_type=\"widget\" data-e-type=\"widget\" data-widget_type=\"text-editor.default\">\n\t\t\t\t<div class=\"elementor-widget-container\">\n\t\t\t\t\t\t\t\t\t<p>&#8211; Alinhamento dianteiro e traseiro<\/p><p>&#8211; Alinhamento de carretas<\/p><p>&#8211; Balanceamento de rodas<\/p><p>&#8211; Desempeno de eixo<\/p><p>&#8211; Regulagem do SET BACK<\/p><p>&#8211; Cambagem e Caster<\/p><p>&#8211; Servi\u00e7os pneum\u00e1ticos<\/p><p>&#8211; Troca de pneus<\/p><p>&#8211; An\u00e1lise veicular<\/p><p>&#8211; Troca de \u00f3leo e filtros<\/p><p>&#8211; Suspens\u00e3o, freios e dire\u00e7\u00e3o<\/p><p>&#8211; Recapagem para pneus de caminh\u00f5es (Renovadora em Ananindeua)<\/p>\t\t\t\t\t\t\t\t<\/div>\n\t\t\t\t<\/div>\n\t\t\t\t<div class=\"elementor-element elementor-element-096c345 elementor-align-center elementor-widget elementor-widget-button\" data-id=\"096c345\" data-element_type=\"widget\" data-e-type=\"widget\" data-widget_type=\"button.default\">\n\t\t\t\t<div class=\"elementor-widget-container\">\n\t\t\t\t\t\t\t\t\t<div class=\"elementor-button-wrapper\">\n\t\t\t\t\t<a class=\"elementor-button elementor-button-link elementor-size-sm elementor-animation-shrink\" href=\"#FormRodape\">\n\t\t\t\t\t\t<span class=\"elementor-button-content-wrapper\">\n\t\t\t\t\t\t\t\t\t<span class=\"elementor-button-text\">Solicite or\u00e7amento<\/span>\n\t\t\t\t\t<\/span>\n\t\t\t\t\t<\/a>\n\t\t\t\t<\/div>\n\t\t\t\t\t\t\t\t<\/div>\n\t\t\t\t<\/div>\n\t\t\t\t\t<\/div>\n\t\t<\/div>\n\t\t\t\t<div class=\"elementor-column elementor-col-50 elementor-top-column elementor-element elementor-element-5330a43\" data-id=\"5330a43\" data-element_type=\"column\" data-e-type=\"column\">\n\t\t\t<div class=\"elementor-widget-wrap elementor-element-populated\">\n\t\t\t\t\t\t<div class=\"elementor-element elementor-element-1ddc7ce elementor-widget elementor-widget-image\" data-id=\"1ddc7ce\" data-element_type=\"widget\" data-e-type=\"widget\" data-widget_type=\"image.default\">\n\t\t\t\t<div class=\"elementor-widget-container\">\n\t\t\t\t\t\t\t\t\t\t\t\t\t\t\t<img decoding=\"async\" src=\"https:\/\/rrpneus.com.br\/site\/wp-content\/uploads\/elementor\/thumbs\/young-worker-checks-wheel-truck-malfunction-service-work-scaled-p9dvhas7kty6n7o66dxazaigsl2c0819lhm7rkuf7s.jpg\" title=\"Worker checks quality of wheel in garage\" alt=\"A young worker checks wheel. Truck malfunction. Service work.\" loading=\"lazy\" \/>\t\t\t\t\t\t\t\t\t\t\t\t\t\t\t<\/div>\n\t\t\t\t<\/div>\n\t\t\t\t\t<\/div>\n\t\t<\/div>\n\t\t\t\t\t<\/div>\n\t\t<\/section>\n\t\t\t\t<section class=\"elementor-section elementor-top-section elementor-element elementor-element-a35395a elementor-section-boxed elementor-section-height-default elementor-section-height-default\" data-id=\"a35395a\" data-element_type=\"section\" data-e-type=\"section\" data-settings=\"{&quot;background_background&quot;:&quot;classic&quot;,&quot;_ha_eqh_enable&quot;:false}\">\n\t\t\t\t\t\t<div class=\"elementor-container elementor-column-gap-default\">\n\t\t\t\t\t<div class=\"elementor-column elementor-col-50 elementor-top-column elementor-element elementor-element-9fe0a04\" data-id=\"9fe0a04\" data-element_type=\"column\" data-e-type=\"column\">\n\t\t\t<div class=\"elementor-widget-wrap elementor-element-populated\">\n\t\t\t\t\t\t<div class=\"elementor-element elementor-element-b5844ab elementor-widget elementor-widget-image\" data-id=\"b5844ab\" data-element_type=\"widget\" data-e-type=\"widget\" data-widget_type=\"image.default\">\n\t\t\t\t<div class=\"elementor-widget-container\">\n\t\t\t\t\t\t\t\t\t\t\t\t\t\t\t<img fetchpriority=\"high\" decoding=\"async\" width=\"490\" height=\"141\" src=\"https:\/\/rrpneus.com.br\/site\/wp-content\/uploads\/2021\/06\/bandag-logo.png\" class=\"attachment-large size-large wp-image-796\" alt=\"\" srcset=\"https:\/\/rrpneus.com.br\/site\/wp-content\/uploads\/2021\/06\/bandag-logo.png 490w, https:\/\/rrpneus.com.br\/site\/wp-content\/uploads\/2021\/06\/bandag-logo-300x86.png 300w\" sizes=\"(max-width: 490px) 100vw, 490px\" \/>\t\t\t\t\t\t\t\t\t\t\t\t\t\t\t<\/div>\n\t\t\t\t<\/div>\n\t\t\t\t\t<\/div>\n\t\t<\/div>\n\t\t\t\t<div class=\"elementor-column elementor-col-50 elementor-top-column elementor-element elementor-element-4b74a0e\" data-id=\"4b74a0e\" data-element_type=\"column\" data-e-type=\"column\">\n\t\t\t<div class=\"elementor-widget-wrap elementor-element-populated\">\n\t\t\t\t\t\t<div class=\"elementor-element elementor-element-3b83328 elementor-widget elementor-widget-heading\" data-id=\"3b83328\" data-element_type=\"widget\" data-e-type=\"widget\" data-widget_type=\"heading.default\">\n\t\t\t\t<div class=\"elementor-widget-container\">\n\t\t\t\t\t<h2 class=\"elementor-heading-title elementor-size-default\">BANDAG<\/h2>\t\t\t\t<\/div>\n\t\t\t\t<\/div>\n\t\t\t\t<div class=\"elementor-element elementor-element-eb66e43 elementor-widget elementor-widget-text-editor\" data-id=\"eb66e43\" data-element_type=\"widget\" data-e-type=\"widget\" data-widget_type=\"text-editor.default\">\n\t\t\t\t<div class=\"elementor-widget-container\">\n\t\t\t\t\t\t\t\t\t<p>Somos uma concession\u00e1ria BANDAG, l\u00edder de recapagem no mundo, onde reformamos o pneu j\u00e1 usado e colocamos uma banda nova para uso. Somos certificados em processos pela f\u00e1brica com o m\u00e1ximo de qualidade e desempenho dos produtos oferecidos.<\/p>\t\t\t\t\t\t\t\t<\/div>\n\t\t\t\t<\/div>\n\t\t\t\t\t<\/div>\n\t\t<\/div>\n\t\t\t\t\t<\/div>\n\t\t<\/section>\n\t\t\t\t<\/div>\n\t\t","protected":false},"excerpt":{"rendered":"<p>Servi\u00e7os Servi\u00e7os especializados com garantia e executados por especialistas. Com 21 lojas nos estados do Par\u00e1, Maranh\u00e3o e Cear\u00e1 para atender voc\u00ea! Car Center &#8211; Alinhamento e balanceamento de rodas &#8211; Desempeno de Rodas &#8211; Troca de lubrificantes e filtros em geral (ar, \u00f3leo, cabine, combust\u00edvel) &#8211; Troca de pe\u00e7as de suspens\u00e3o e freio para [&hellip;]<\/p>\n","protected":false},"author":2,"featured_media":0,"parent":0,"menu_order":0,"comment_status":"closed","ping_status":"closed","template":"elementor_header_footer","meta":{"_acf_changed":false,"footnotes":""},"class_list":["post-19","page","type-page","status-publish","hentry"],"acf":[],"_links":{"self":[{"href":"https:\/\/rrpneus.com.br\/site\/wp-json\/wp\/v2\/pages\/19","targetHints":{"allow":["GET"]}}],"collection":[{"href":"https:\/\/rrpneus.com.br\/site\/wp-json\/wp\/v2\/pages"}],"about":[{"href":"https:\/\/rrpneus.com.br\/site\/wp-json\/wp\/v2\/types\/page"}],"author":[{"embeddable":true,"href":"https:\/\/rrpneus.com.br\/site\/wp-json\/wp\/v2\/users\/2"}],"replies":[{"embeddable":true,"href":"https:\/\/rrpneus.com.br\/site\/wp-json\/wp\/v2\/comments?post=19"}],"version-history":[{"count":15,"href":"https:\/\/rrpneus.com.br\/site\/wp-json\/wp\/v2\/pages\/19\/revisions"}],"predecessor-version":[{"id":3059,"href":"https:\/\/rrpneus.com.br\/site\/wp-json\/wp\/v2\/pages\/19\/revisions\/3059"}],"wp:attachment":[{"href":"https:\/\/rrpneus.com.br\/site\/wp-json\/wp\/v2\/media?parent=19"}],"curies":[{"name":"wp","href":"https:\/\/api.w.org\/{rel}","templated":true}]}}