{"id":32,"date":"2021-06-24T12:11:25","date_gmt":"2021-06-24T15:11:25","guid":{"rendered":"https:\/\/meusiteimpar.com.br\/rrpneus\/?page_id=32"},"modified":"2022-11-04T08:50:37","modified_gmt":"2022-11-04T11:50:37","slug":"contato","status":"publish","type":"page","link":"https:\/\/rrpneus.com.br\/site\/contato\/","title":{"rendered":"Contato"},"content":{"rendered":"\t\t<div data-elementor-type=\"wp-page\" data-elementor-id=\"32\" class=\"elementor elementor-32\" data-elementor-settings=\"{&quot;ha_cmc_init_switcher&quot;:&quot;no&quot;}\" data-elementor-post-type=\"page\">\n\t\t\t\t\t\t<section class=\"elementor-section elementor-top-section elementor-element elementor-element-5b4a6d7b elementor-section-boxed elementor-section-height-default elementor-section-height-default\" data-id=\"5b4a6d7b\" data-element_type=\"section\" data-e-type=\"section\" data-settings=\"{&quot;_ha_eqh_enable&quot;:false}\">\n\t\t\t\t\t\t<div class=\"elementor-container elementor-column-gap-default\">\n\t\t\t\t\t<div class=\"elementor-column elementor-col-50 elementor-top-column elementor-element elementor-element-2767576a\" data-id=\"2767576a\" data-element_type=\"column\" data-e-type=\"column\">\n\t\t\t<div class=\"elementor-widget-wrap elementor-element-populated\">\n\t\t\t\t\t\t<div class=\"elementor-element elementor-element-66926483 elementor-widget elementor-widget-heading\" data-id=\"66926483\" data-element_type=\"widget\" data-e-type=\"widget\" data-widget_type=\"heading.default\">\n\t\t\t\t<div class=\"elementor-widget-container\">\n\t\t\t\t\t<h2 class=\"elementor-heading-title elementor-size-default\">Ficou com alguma d\u00favida?<\/h2>\t\t\t\t<\/div>\n\t\t\t\t<\/div>\n\t\t\t\t<div class=\"elementor-element elementor-element-23510184 elementor-widget elementor-widget-text-editor\" data-id=\"23510184\" data-element_type=\"widget\" data-e-type=\"widget\" data-widget_type=\"text-editor.default\">\n\t\t\t\t<div class=\"elementor-widget-container\">\n\t\t\t\t\t\t\t\t\t<p>Caso tenha alguma d\u00favida ou queira um or\u00e7amento, basta preencher o formul\u00e1rio ao lado que iremos responder.<\/p>\t\t\t\t\t\t\t\t<\/div>\n\t\t\t\t<\/div>\n\t\t\t\t<div class=\"elementor-element elementor-element-4d56a17b elementor-align-left elementor-mobile-align-center elementor-widget elementor-widget-button\" data-id=\"4d56a17b\" data-element_type=\"widget\" data-e-type=\"widget\" data-widget_type=\"button.default\">\n\t\t\t\t<div class=\"elementor-widget-container\">\n\t\t\t\t\t\t\t\t\t<div class=\"elementor-button-wrapper\">\n\t\t\t\t\t<a class=\"elementor-button elementor-button-link elementor-size-sm elementor-animation-shrink\" href=\"https:\/\/api.whatsapp.com\/send?phone=5591999830018\" target=\"_blank\">\n\t\t\t\t\t\t<span class=\"elementor-button-content-wrapper\">\n\t\t\t\t\t\t<span class=\"elementor-button-icon\">\n\t\t\t\t<i aria-hidden=\"true\" class=\"fab fa-whatsapp\"><\/i>\t\t\t<\/span>\n\t\t\t\t\t\t\t\t\t<span class=\"elementor-button-text\">Chame no WhatsApp<\/span>\n\t\t\t\t\t<\/span>\n\t\t\t\t\t<\/a>\n\t\t\t\t<\/div>\n\t\t\t\t\t\t\t\t<\/div>\n\t\t\t\t<\/div>\n\t\t\t\t<div class=\"elementor-element elementor-element-6e3b5334 elementor-icon-list--layout-traditional elementor-list-item-link-full_width elementor-widget elementor-widget-icon-list\" data-id=\"6e3b5334\" data-element_type=\"widget\" data-e-type=\"widget\" data-widget_type=\"icon-list.default\">\n\t\t\t\t<div class=\"elementor-widget-container\">\n\t\t\t\t\t\t\t<ul class=\"elementor-icon-list-items\">\n\t\t\t\t\t\t\t<li class=\"elementor-icon-list-item\">\n\t\t\t\t\t\t\t\t\t\t\t<a href=\"tel:09140051316\">\n\n\t\t\t\t\t\t\t\t\t\t\t\t<span class=\"elementor-icon-list-icon\">\n\t\t\t\t\t\t\t<i aria-hidden=\"true\" class=\"fas fa-phone-alt\"><\/i>\t\t\t\t\t\t<\/span>\n\t\t\t\t\t\t\t\t\t\t<span class=\"elementor-icon-list-text\">(91) 4005-1316<\/span>\n\t\t\t\t\t\t\t\t\t\t\t<\/a>\n\t\t\t\t\t\t\t\t\t<\/li>\n\t\t\t\t\t\t\t\t<li class=\"elementor-icon-list-item\">\n\t\t\t\t\t\t\t\t\t\t\t<a href=\"tel:09140051313\">\n\n\t\t\t\t\t\t\t\t\t\t\t\t<span class=\"elementor-icon-list-icon\">\n\t\t\t\t\t\t\t<i aria-hidden=\"true\" class=\"fas fa-phone-alt\"><\/i>\t\t\t\t\t\t<\/span>\n\t\t\t\t\t\t\t\t\t\t<span class=\"elementor-icon-list-text\">(91) 4005-1313<\/span>\n\t\t\t\t\t\t\t\t\t\t\t<\/a>\n\t\t\t\t\t\t\t\t\t<\/li>\n\t\t\t\t\t\t\t\t<li class=\"elementor-icon-list-item\">\n\t\t\t\t\t\t\t\t\t\t\t<a href=\"https:\/\/api.whatsapp.com\/send?phone=5591999830018\" target=\"_blank\">\n\n\t\t\t\t\t\t\t\t\t\t\t\t<span class=\"elementor-icon-list-icon\">\n\t\t\t\t\t\t\t<i aria-hidden=\"true\" class=\"fab fa-whatsapp\"><\/i>\t\t\t\t\t\t<\/span>\n\t\t\t\t\t\t\t\t\t\t<span class=\"elementor-icon-list-text\">(91) 9 9983-0018<\/span>\n\t\t\t\t\t\t\t\t\t\t\t<\/a>\n\t\t\t\t\t\t\t\t\t<\/li>\n\t\t\t\t\t\t\t\t<li class=\"elementor-icon-list-item\">\n\t\t\t\t\t\t\t\t\t\t\t<span class=\"elementor-icon-list-icon\">\n\t\t\t\t\t\t\t<i aria-hidden=\"true\" class=\"fas fa-envelope\"><\/i>\t\t\t\t\t\t<\/span>\n\t\t\t\t\t\t\t\t\t\t<span class=\"elementor-icon-list-text\">atendimento@rrpneus.com.br<\/span>\n\t\t\t\t\t\t\t\t\t<\/li>\n\t\t\t\t\t\t\t\t<li class=\"elementor-icon-list-item\">\n\t\t\t\t\t\t\t\t\t\t\t<span class=\"elementor-icon-list-icon\">\n\t\t\t\t\t\t\t<i aria-hidden=\"true\" class=\"fas fa-map-marker-alt\"><\/i>\t\t\t\t\t\t<\/span>\n\t\t\t\t\t\t\t\t\t\t<span class=\"elementor-icon-list-text\">Av. Duque de Caxias, 869 | Marco | Bel\u00e9m \/ Par\u00e1<\/span>\n\t\t\t\t\t\t\t\t\t<\/li>\n\t\t\t\t\t\t<\/ul>\n\t\t\t\t\t\t<\/div>\n\t\t\t\t<\/div>\n\t\t\t\t<div class=\"elementor-element elementor-element-ff360b2 elementor-icon-list--layout-traditional elementor-list-item-link-full_width elementor-widget elementor-widget-icon-list\" data-id=\"ff360b2\" data-element_type=\"widget\" data-e-type=\"widget\" data-widget_type=\"icon-list.default\">\n\t\t\t\t<div class=\"elementor-widget-container\">\n\t\t\t\t\t\t\t<ul class=\"elementor-icon-list-items\">\n\t\t\t\t\t\t\t<li class=\"elementor-icon-list-item\">\n\t\t\t\t\t\t\t\t\t\t\t<span class=\"elementor-icon-list-icon\">\n\t\t\t\t\t\t\t<i aria-hidden=\"true\" class=\"fas fa-clock\"><\/i>\t\t\t\t\t\t<\/span>\n\t\t\t\t\t\t\t\t\t\t<span class=\"elementor-icon-list-text\"><b>Hor\u00e1rios<\/b><\/span>\n\t\t\t\t\t\t\t\t\t<\/li>\n\t\t\t\t\t\t\t\t<li class=\"elementor-icon-list-item\">\n\t\t\t\t\t\t\t\t\t\t<span class=\"elementor-icon-list-text\">Segunda a Sexta das 08:00 \u00e0s 18:00<\/span>\n\t\t\t\t\t\t\t\t\t<\/li>\n\t\t\t\t\t\t\t\t<li class=\"elementor-icon-list-item\">\n\t\t\t\t\t\t\t\t\t\t<span class=\"elementor-icon-list-text\">S\u00e1bado das 08:00 \u00e0s 13:00<\/span>\n\t\t\t\t\t\t\t\t\t<\/li>\n\t\t\t\t\t\t<\/ul>\n\t\t\t\t\t\t<\/div>\n\t\t\t\t<\/div>\n\t\t\t\t\t<\/div>\n\t\t<\/div>\n\t\t\t\t<div class=\"elementor-column elementor-col-50 elementor-top-column elementor-element elementor-element-5df72c97\" data-id=\"5df72c97\" data-element_type=\"column\" data-e-type=\"column\">\n\t\t\t<div class=\"elementor-widget-wrap elementor-element-populated\">\n\t\t\t\t\t\t<div class=\"elementor-element elementor-element-565abc1 elementor-widget elementor-widget-ha-cf7 happy-addon ha-cf7\" data-id=\"565abc1\" data-element_type=\"widget\" data-e-type=\"widget\" data-widget_type=\"ha-cf7.default\">\n\t\t\t\t<div class=\"elementor-widget-container\">\n\t\t\t\t\t\n<div class=\"wpcf7 no-js\" id=\"wpcf7-f1182-o1\" lang=\"pt-BR\" dir=\"ltr\" data-wpcf7-id=\"1182\">\n<div class=\"screen-reader-response\"><p role=\"status\" aria-live=\"polite\" aria-atomic=\"true\"><\/p> <ul><\/ul><\/div>\n<form action=\"\/site\/wp-json\/wp\/v2\/pages\/32#wpcf7-f1182-o1\" method=\"post\" class=\"wpcf7-form init ha-cf7-form\" aria-label=\"Formul\u00e1rios de contato\" novalidate=\"novalidate\" data-status=\"init\">\n<fieldset class=\"hidden-fields-container\"><input type=\"hidden\" name=\"_wpcf7\" value=\"1182\" \/><input type=\"hidden\" name=\"_wpcf7_version\" value=\"6.1.5\" \/><input type=\"hidden\" name=\"_wpcf7_locale\" value=\"pt_BR\" \/><input type=\"hidden\" name=\"_wpcf7_unit_tag\" value=\"wpcf7-f1182-o1\" \/><input type=\"hidden\" name=\"_wpcf7_container_post\" value=\"0\" \/><input type=\"hidden\" name=\"_wpcf7_posted_data_hash\" value=\"\" \/><input type=\"hidden\" name=\"_wpcf7_recaptcha_response\" value=\"\" \/>\n<\/fieldset>\n<p><script>\n document.addEventListener('wpcf7mailsent', function (Event) {\n location = 'https:\/\/rrpneus.com.br\/site\/obrigado\/';\n }, false);\n<\/script><br \/>\n<label> Nome<br \/>\n<span class=\"wpcf7-form-control-wrap\" data-name=\"your-name\"><input size=\"40\" maxlength=\"400\" class=\"wpcf7-form-control wpcf7-text wpcf7-validates-as-required\" aria-required=\"true\" aria-invalid=\"false\" placeholder=\"Escreva seu nome\" value=\"\" type=\"text\" name=\"your-name\" \/><\/span> <\/label>\n<\/p>\n<p><label> E-mail<br \/>\n<span class=\"wpcf7-form-control-wrap\" data-name=\"your-email\"><input size=\"40\" maxlength=\"400\" class=\"wpcf7-form-control wpcf7-email wpcf7-validates-as-required wpcf7-text wpcf7-validates-as-email\" aria-required=\"true\" aria-invalid=\"false\" placeholder=\"seuemail@\" value=\"\" type=\"email\" name=\"your-email\" \/><\/span> <\/label>\n<\/p>\n<p><label> Telefone<br \/>\n<span class=\"wpcf7-form-control-wrap\" data-name=\"tel-978\"><input size=\"40\" maxlength=\"400\" class=\"wpcf7-form-control wpcf7-tel wpcf7-validates-as-required wpcf7-text wpcf7-validates-as-tel phone\" aria-required=\"true\" aria-invalid=\"false\" placeholder=\"(00) 0 0000-0000\" value=\"\" type=\"tel\" name=\"tel-978\" \/><\/span> <\/label>\n<\/p>\n<p><label> Loja de interesse<br \/>\n<span class=\"wpcf7-form-control-wrap\" data-name=\"menu-loja\"><select class=\"wpcf7-form-control wpcf7-select\" aria-invalid=\"false\" name=\"menu-loja\"><option value=\"\">&#8212;Escolha uma op\u00e7\u00e3o&#8212;<\/option><option value=\"RR Matriz - Bel\u00e9m\">RR Matriz - Bel\u00e9m<\/option><option value=\"RR Alcindo Cacela - Bel\u00e9m\">RR Alcindo Cacela - Bel\u00e9m<\/option><option value=\"RR Pedro \u00c1lvares Cabral - Bel\u00e9m\">RR Pedro \u00c1lvares Cabral - Bel\u00e9m<\/option><option value=\"RR Montenegro - Bel\u00e9m\">RR Montenegro - Bel\u00e9m<\/option><option value=\"RR Arterial - Ananindeua\">RR Arterial - Ananindeua<\/option><option value=\"RR Car center Par\u00e1 - Ananindeua\">RR Car center Par\u00e1 - Ananindeua<\/option><option value=\"RR Bts Par\u00e1 - Ananindeua\">RR Bts Par\u00e1 - Ananindeua<\/option><option value=\"RR Cevex Par\u00e1 (Atacado) - Ananindeua\">RR Cevex Par\u00e1 (Atacado) - Ananindeua<\/option><option value=\"RR Renovadora - Ananindeua\">RR Renovadora - Ananindeua<\/option><option value=\"RR Castanhal - Castanhal\">RR Castanhal - Castanhal<\/option><option value=\"RR Paragominas - Paragominas\">RR Paragominas - Paragominas<\/option><option value=\"RR Marab\u00e1 - Marab\u00e1\">RR Marab\u00e1 - Marab\u00e1<\/option><option value=\"RR Angelim - S\u00e3o Lu\u00eds\">RR Angelim - S\u00e3o Lu\u00eds<\/option><option value=\"RR Ara\u00e7agi - S\u00e3o Lu\u00eds\">RR Ara\u00e7agi - S\u00e3o Lu\u00eds<\/option><option value=\"RR Car Center Maranh\u00e3o - S\u00e3o Lu\u00eds\">RR Car Center Maranh\u00e3o - S\u00e3o Lu\u00eds<\/option><option value=\"RR Bts Maranh\u00e3o - S\u00e3o Lu\u00eds\">RR Bts Maranh\u00e3o - S\u00e3o Lu\u00eds<\/option><option value=\"RR Cevex Maranh\u00e3o (Atacado) - S\u00e3o Lu\u00eds\">RR Cevex Maranh\u00e3o (Atacado) - S\u00e3o Lu\u00eds<\/option><option value=\"RR Fortaleza - Fortaleza\">RR Fortaleza - Fortaleza<\/option><option value=\"RR Car Center Cear\u00e1 - Maracana\u00fa\">RR Car Center Cear\u00e1 - Maracana\u00fa<\/option><option value=\"RR Bts Cear\u00e1 - Maracana\u00fa\">RR Bts Cear\u00e1 - Maracana\u00fa<\/option><option value=\"RR Cevex Cear\u00e1 (Atacado) - Maracana\u00fa\">RR Cevex Cear\u00e1 (Atacado) - Maracana\u00fa<\/option><\/select><\/span><\/label><br \/>\n<label> Campo de Interesse<br \/>\n<span class=\"wpcf7-form-control-wrap\" data-name=\"menu-campo\"><select class=\"wpcf7-form-control wpcf7-select\" aria-invalid=\"false\" name=\"menu-campo\"><option value=\"\">&#8212;Escolha uma op\u00e7\u00e3o&#8212;<\/option><option value=\"Car center\">Car center<\/option><option value=\"Truck center\">Truck center<\/option><option value=\"Atacado\">Atacado<\/option><option value=\"Recapagem\">Recapagem<\/option><\/select><\/span><\/label>\n<\/p>\n<p><label> Sua mensagem (opcional)<br \/>\n<span class=\"wpcf7-form-control-wrap\" data-name=\"your-message\"><textarea cols=\"40\" rows=\"10\" maxlength=\"2000\" class=\"wpcf7-form-control wpcf7-textarea\" aria-invalid=\"false\" placeholder=\"Escreva aqui sua mensagem :)\" name=\"your-message\"><\/textarea><\/span> <\/label>\n<\/p>\n<span class=\"wpcf7-form-control-wrap recaptcha\" data-name=\"recaptcha\"><span data-sitekey=\"6Lc-NUUdAAAAABqCpPbtYzNKIR0uPt8KjlPFS5uC\" class=\"wpcf7-form-control wpcf7-recaptcha g-recaptcha\"><\/span>\r\n<noscript>\r\n\t<div class=\"grecaptcha-noscript\">\r\n\t\t<iframe src=\"https:\/\/www.google.com\/recaptcha\/api\/fallback?k=6Lc-NUUdAAAAABqCpPbtYzNKIR0uPt8KjlPFS5uC\" frameborder=\"0\" scrolling=\"no\" width=\"310\" height=\"430\">\r\n\t\t<\/iframe>\r\n\t\t<textarea name=\"g-recaptcha-response\" rows=\"3\" cols=\"40\" placeholder=\"reCaptcha Response Here\">\r\n\t\t<\/textarea>\r\n\t<\/div>\r\n<\/noscript>\r\n<\/span>\n<p><input class=\"wpcf7-form-control wpcf7-submit has-spinner\" type=\"submit\" value=\"Enviar\" \/>\n<\/p><div class=\"wpcf7-response-output\" aria-hidden=\"true\"><\/div>\n<\/form>\n<\/div>\n\t\t\t\t<\/div>\n\t\t\t\t<\/div>\n\t\t\t\t\t<\/div>\n\t\t<\/div>\n\t\t\t\t\t<\/div>\n\t\t<\/section>\n\t\t\t\t<\/div>\n\t\t","protected":false},"excerpt":{"rendered":"<p>Ficou com alguma d\u00favida? Caso tenha alguma d\u00favida ou queira um or\u00e7amento, basta preencher o formul\u00e1rio ao lado que iremos responder. Chame no WhatsApp (91) 4005-1316 (91) 4005-1313 (91) 9 9983-0018 atendimento@rrpneus.com.br Av. Duque de Caxias, 869 | Marco | Bel\u00e9m \/ Par\u00e1 Hor\u00e1rios Segunda a Sexta das 08:00 \u00e0s 18:00 S\u00e1bado das 08:00 \u00e0s [&hellip;]<\/p>\n","protected":false},"author":2,"featured_media":0,"parent":0,"menu_order":0,"comment_status":"closed","ping_status":"closed","template":"elementor_header_footer","meta":{"_acf_changed":false,"footnotes":""},"class_list":["post-32","page","type-page","status-publish","hentry"],"acf":[],"_links":{"self":[{"href":"https:\/\/rrpneus.com.br\/site\/wp-json\/wp\/v2\/pages\/32","targetHints":{"allow":["GET"]}}],"collection":[{"href":"https:\/\/rrpneus.com.br\/site\/wp-json\/wp\/v2\/pages"}],"about":[{"href":"https:\/\/rrpneus.com.br\/site\/wp-json\/wp\/v2\/types\/page"}],"author":[{"embeddable":true,"href":"https:\/\/rrpneus.com.br\/site\/wp-json\/wp\/v2\/users\/2"}],"replies":[{"embeddable":true,"href":"https:\/\/rrpneus.com.br\/site\/wp-json\/wp\/v2\/comments?post=32"}],"version-history":[{"count":27,"href":"https:\/\/rrpneus.com.br\/site\/wp-json\/wp\/v2\/pages\/32\/revisions"}],"predecessor-version":[{"id":3190,"href":"https:\/\/rrpneus.com.br\/site\/wp-json\/wp\/v2\/pages\/32\/revisions\/3190"}],"wp:attachment":[{"href":"https:\/\/rrpneus.com.br\/site\/wp-json\/wp\/v2\/media?parent=32"}],"curies":[{"name":"wp","href":"https:\/\/api.w.org\/{rel}","templated":true}]}}