{"id":3238,"date":"2024-03-05T10:40:18","date_gmt":"2024-03-05T13:40:18","guid":{"rendered":"https:\/\/rrpneus.com.br\/site\/?page_id=3238"},"modified":"2024-03-05T11:58:33","modified_gmt":"2024-03-05T14:58:33","slug":"amapa","status":"publish","type":"page","link":"https:\/\/rrpneus.com.br\/site\/amapa\/","title":{"rendered":"Amap\u00e1\u00a0"},"content":{"rendered":"\t\t<div data-elementor-type=\"wp-page\" data-elementor-id=\"3238\" class=\"elementor elementor-3238\" data-elementor-settings=\"{&quot;ha_cmc_init_switcher&quot;:&quot;no&quot;}\" data-elementor-post-type=\"page\">\n\t\t\t\t\t\t<section class=\"elementor-section elementor-top-section elementor-element elementor-element-865c7dc elementor-section-boxed elementor-section-height-default elementor-section-height-default\" data-id=\"865c7dc\" data-element_type=\"section\" data-e-type=\"section\" data-settings=\"{&quot;_ha_eqh_enable&quot;:false}\">\n\t\t\t\t\t\t<div class=\"elementor-container elementor-column-gap-default\">\n\t\t\t\t\t<div class=\"elementor-column elementor-col-100 elementor-top-column elementor-element elementor-element-1c2890a\" data-id=\"1c2890a\" data-element_type=\"column\" data-e-type=\"column\">\n\t\t\t<div class=\"elementor-widget-wrap elementor-element-populated\">\n\t\t\t\t\t\t<div class=\"elementor-element elementor-element-bd15404 elementor-widget elementor-widget-heading\" data-id=\"bd15404\" data-element_type=\"widget\" data-e-type=\"widget\" data-widget_type=\"heading.default\">\n\t\t\t\t<div class=\"elementor-widget-container\">\n\t\t\t\t\t<h2 class=\"elementor-heading-title elementor-size-default\">Lojas no Amap\u00e1<\/h2>\t\t\t\t<\/div>\n\t\t\t\t<\/div>\n\t\t\t\t<div class=\"elementor-element elementor-element-63655b8 elementor-widget elementor-widget-text-editor\" data-id=\"63655b8\" data-element_type=\"widget\" data-e-type=\"widget\" data-widget_type=\"text-editor.default\">\n\t\t\t\t<div class=\"elementor-widget-container\">\n\t\t\t\t\t\t\t\t\t<p>Encontre a mais pr\u00f3xima de voc\u00ea<\/p>\t\t\t\t\t\t\t\t<\/div>\n\t\t\t\t<\/div>\n\t\t\t\t\t<\/div>\n\t\t<\/div>\n\t\t\t\t\t<\/div>\n\t\t<\/section>\n\t\t\t\t<section class=\"elementor-section elementor-top-section elementor-element elementor-element-78319a5 elementor-section-full_width elementor-section-height-default elementor-section-height-default\" data-id=\"78319a5\" data-element_type=\"section\" data-e-type=\"section\" data-settings=\"{&quot;_ha_eqh_enable&quot;:false}\">\n\t\t\t\t\t\t<div class=\"elementor-container elementor-column-gap-default\">\n\t\t\t\t\t<div class=\"elementor-column elementor-col-100 elementor-top-column elementor-element elementor-element-2798175 elementor-invisible\" data-id=\"2798175\" data-element_type=\"column\" data-e-type=\"column\" data-settings=\"{&quot;background_background&quot;:&quot;classic&quot;,&quot;animation&quot;:&quot;fadeInUp&quot;}\">\n\t\t\t<div class=\"elementor-widget-wrap elementor-element-populated\">\n\t\t\t\t\t\t<div class=\"elementor-element elementor-element-62634d6 elementor-widget elementor-widget-image\" data-id=\"62634d6\" data-element_type=\"widget\" data-e-type=\"widget\" data-widget_type=\"image.default\">\n\t\t\t\t<div class=\"elementor-widget-container\">\n\t\t\t\t\t\t\t\t\t\t\t\t\t\t\t<img fetchpriority=\"high\" decoding=\"async\" width=\"580\" height=\"399\" src=\"https:\/\/rrpneus.com.br\/site\/wp-content\/uploads\/2024\/03\/rrpneus-1024x704.jpg\" class=\"attachment-large size-large wp-image-3239\" alt=\"\" srcset=\"https:\/\/rrpneus.com.br\/site\/wp-content\/uploads\/2024\/03\/rrpneus-1024x704.jpg 1024w, https:\/\/rrpneus.com.br\/site\/wp-content\/uploads\/2024\/03\/rrpneus-300x206.jpg 300w, https:\/\/rrpneus.com.br\/site\/wp-content\/uploads\/2024\/03\/rrpneus-768x528.jpg 768w, https:\/\/rrpneus.com.br\/site\/wp-content\/uploads\/2024\/03\/rrpneus.jpg 1080w\" sizes=\"(max-width: 580px) 100vw, 580px\" \/>\t\t\t\t\t\t\t\t\t\t\t\t\t\t\t<\/div>\n\t\t\t\t<\/div>\n\t\t\t\t<div class=\"elementor-element elementor-element-aa2c589 elementor-widget elementor-widget-heading\" data-id=\"aa2c589\" data-element_type=\"widget\" data-e-type=\"widget\" data-widget_type=\"heading.default\">\n\t\t\t\t<div class=\"elementor-widget-container\">\n\t\t\t\t\t<h2 class=\"elementor-heading-title elementor-size-default\">RR ATACADO<\/h2>\t\t\t\t<\/div>\n\t\t\t\t<\/div>\n\t\t\t\t<div class=\"elementor-element elementor-element-fdff31c elementor-widget elementor-widget-text-editor\" data-id=\"fdff31c\" data-element_type=\"widget\" data-e-type=\"widget\" data-widget_type=\"text-editor.default\">\n\t\t\t\t<div class=\"elementor-widget-container\">\n\t\t\t\t\t\t\t\t\t<p>Macap\u00e1<\/p>\t\t\t\t\t\t\t\t<\/div>\n\t\t\t\t<\/div>\n\t\t\t\t<div class=\"elementor-element elementor-element-728151d elementor-align-start elementor-icon-list--layout-traditional elementor-list-item-link-full_width elementor-widget elementor-widget-icon-list\" data-id=\"728151d\" data-element_type=\"widget\" data-e-type=\"widget\" data-widget_type=\"icon-list.default\">\n\t\t\t\t<div class=\"elementor-widget-container\">\n\t\t\t\t\t\t\t<ul class=\"elementor-icon-list-items\">\n\t\t\t\t\t\t\t<li class=\"elementor-icon-list-item\">\n\t\t\t\t\t\t\t\t\t\t\t<a href=\"tel:558540054700\" target=\"_blank\">\n\n\t\t\t\t\t\t\t\t\t\t\t\t<span class=\"elementor-icon-list-icon\">\n\t\t\t\t\t\t\t<svg xmlns=\"http:\/\/www.w3.org\/2000\/svg\" xmlns:xlink=\"http:\/\/www.w3.org\/1999\/xlink\" id=\"Capa_1\" x=\"0px\" y=\"0px\" viewBox=\"0 0 394.648 394.648\" style=\"enable-background:new 0 0 394.648 394.648;\" xml:space=\"preserve\"><path style=\"stroke:#000000;stroke-width:0;stroke-linecap:round;stroke-linejoin:round;\" d=\"M391.909,145.036  c-0.938-2.731-4.263-4.855-7.039-4.855c-12.021,0-24.04,0-36.061,0c-2.775,0-6.101,2.124-7.04,4.855  c-0.918,2.673-1.604,5.058-2.06,7.301l-24.088-66.641c-3.973-10.989-14.495-18.372-26.179-18.372H105.209  c-11.685,0-22.205,7.383-26.18,18.374l-24.089,66.647c-0.457-2.245-1.143-4.633-2.062-7.309c-0.938-2.731-4.264-4.855-7.039-4.855  c-12.02,0-24.04,0-36.061,0c-2.775,0-6.101,2.124-7.039,4.855c-3.652,10.633-3.65,16.72,0.001,27.354  c0.938,2.731,4.264,4.855,7.039,4.855c12.021,0,24.041,0,36.061,0c0.034,0,0.07-0.009,0.105-0.01l-0.544,1.507  c-7.353,2.443-12.662,9.365-12.662,17.539v55.805v4.599v61.752c0,4.909,3.978,8.887,8.887,8.887h44.727  c4.908,0,8.887-3.978,8.887-8.887v-43.262H299.41v43.262c0,4.909,3.979,8.887,8.887,8.887h44.727c4.909,0,8.887-3.978,8.887-8.887  v-61.752v-4.599v-55.805c0-8.172-5.307-15.093-12.657-17.538l-0.545-1.508c0.033,0.001,0.068,0.009,0.101,0.009  c12.021,0,24.04,0,36.061,0c2.776,0,6.101-2.124,7.039-4.855C395.561,161.756,395.559,155.669,391.909,145.036z M108.612,100.028  h177.402l28.108,77.762H80.505L108.612,100.028z M113.56,232.571H76.142c-8.028,0-14.535-6.507-14.535-14.535  c0-8.027,6.506-14.535,14.535-14.535h37.418c8.027,0,14.535,6.507,14.535,14.535C128.096,226.064,121.587,232.571,113.56,232.571z   M318.505,232.571h-37.418c-8.027,0-14.535-6.507-14.535-14.535c0-8.027,6.508-14.535,14.535-14.535h37.418  c8.028,0,14.535,6.507,14.535,14.535C333.04,226.064,326.533,232.571,318.505,232.571z\"><\/path><g><\/g><g><\/g><g><\/g><g><\/g><g><\/g><g><\/g><g><\/g><g><\/g><g><\/g><g><\/g><g><\/g><g><\/g><g><\/g><g><\/g><g><\/g><\/svg>\t\t\t\t\t\t<\/span>\n\t\t\t\t\t\t\t\t\t\t<span class=\"elementor-icon-list-text\">Atacado<\/span>\n\t\t\t\t\t\t\t\t\t\t\t<\/a>\n\t\t\t\t\t\t\t\t\t<\/li>\n\t\t\t\t\t\t<\/ul>\n\t\t\t\t\t\t<\/div>\n\t\t\t\t<\/div>\n\t\t\t\t<div class=\"elementor-element elementor-element-bf14caf elementor-align-start elementor-icon-list--layout-traditional elementor-list-item-link-full_width elementor-widget elementor-widget-icon-list\" data-id=\"bf14caf\" data-element_type=\"widget\" data-e-type=\"widget\" data-widget_type=\"icon-list.default\">\n\t\t\t\t<div class=\"elementor-widget-container\">\n\t\t\t\t\t\t\t<ul class=\"elementor-icon-list-items\">\n\t\t\t\t\t\t\t<li class=\"elementor-icon-list-item\">\n\t\t\t\t\t\t\t\t\t\t\t<a href=\"tel:09631155526\" target=\"_blank\">\n\n\t\t\t\t\t\t\t\t\t\t\t\t<span class=\"elementor-icon-list-icon\">\n\t\t\t\t\t\t\t<i aria-hidden=\"true\" class=\"fas fa-phone-alt\"><\/i>\t\t\t\t\t\t<\/span>\n\t\t\t\t\t\t\t\t\t\t<span class=\"elementor-icon-list-text\">(96) 3115-5526<\/span>\n\t\t\t\t\t\t\t\t\t\t\t<\/a>\n\t\t\t\t\t\t\t\t\t<\/li>\n\t\t\t\t\t\t<\/ul>\n\t\t\t\t\t\t<\/div>\n\t\t\t\t<\/div>\n\t\t\t\t<div class=\"elementor-element elementor-element-103f700 elementor-icon-list--layout-traditional elementor-list-item-link-full_width elementor-widget elementor-widget-icon-list\" data-id=\"103f700\" data-element_type=\"widget\" data-e-type=\"widget\" data-widget_type=\"icon-list.default\">\n\t\t\t\t<div class=\"elementor-widget-container\">\n\t\t\t\t\t\t\t<ul class=\"elementor-icon-list-items\">\n\t\t\t\t\t\t\t<li class=\"elementor-icon-list-item\">\n\t\t\t\t\t\t\t\t\t\t\t<a href=\"https:\/\/api.whatsapp.com\/send?phone=5591999830018\" target=\"_blank\">\n\n\t\t\t\t\t\t\t\t\t\t\t\t<span class=\"elementor-icon-list-icon\">\n\t\t\t\t\t\t\t<i aria-hidden=\"true\" class=\"fab fa-whatsapp\"><\/i>\t\t\t\t\t\t<\/span>\n\t\t\t\t\t\t\t\t\t\t<span class=\"elementor-icon-list-text\">(91) 9 9983-0018<\/span>\n\t\t\t\t\t\t\t\t\t\t\t<\/a>\n\t\t\t\t\t\t\t\t\t<\/li>\n\t\t\t\t\t\t<\/ul>\n\t\t\t\t\t\t<\/div>\n\t\t\t\t<\/div>\n\t\t\t\t<div class=\"elementor-element elementor-element-a3ee79d elementor-icon-list--layout-traditional elementor-list-item-link-full_width elementor-widget elementor-widget-icon-list\" data-id=\"a3ee79d\" data-element_type=\"widget\" data-e-type=\"widget\" data-widget_type=\"icon-list.default\">\n\t\t\t\t<div class=\"elementor-widget-container\">\n\t\t\t\t\t\t\t<ul class=\"elementor-icon-list-items\">\n\t\t\t\t\t\t\t<li class=\"elementor-icon-list-item\">\n\t\t\t\t\t\t\t\t\t\t\t<span class=\"elementor-icon-list-icon\">\n\t\t\t\t\t\t\t<i aria-hidden=\"true\" class=\"fas fa-map-marker-alt\"><\/i>\t\t\t\t\t\t<\/span>\n\t\t\t\t\t\t\t\t\t\t<span class=\"elementor-icon-list-text\">Rodovia Duca Serra 6479A, Bairro Distrito do Cora\u00e7\u00e3o<\/span>\n\t\t\t\t\t\t\t\t\t<\/li>\n\t\t\t\t\t\t<\/ul>\n\t\t\t\t\t\t<\/div>\n\t\t\t\t<\/div>\n\t\t\t\t\t<\/div>\n\t\t<\/div>\n\t\t\t\t\t<\/div>\n\t\t<\/section>\n\t\t\t\t<\/div>\n\t\t","protected":false},"excerpt":{"rendered":"<p>Lojas no Amap\u00e1 Encontre a mais pr\u00f3xima de voc\u00ea RR ATACADO Macap\u00e1 Atacado (96) 3115-5526 (91) 9 9983-0018 Rodovia Duca Serra 6479A, Bairro Distrito do Cora\u00e7\u00e3o<\/p>\n","protected":false},"author":2,"featured_media":0,"parent":0,"menu_order":0,"comment_status":"closed","ping_status":"closed","template":"elementor_header_footer","meta":{"_acf_changed":false,"footnotes":""},"class_list":["post-3238","page","type-page","status-publish","hentry"],"acf":[],"_links":{"self":[{"href":"https:\/\/rrpneus.com.br\/site\/wp-json\/wp\/v2\/pages\/3238","targetHints":{"allow":["GET"]}}],"collection":[{"href":"https:\/\/rrpneus.com.br\/site\/wp-json\/wp\/v2\/pages"}],"about":[{"href":"https:\/\/rrpneus.com.br\/site\/wp-json\/wp\/v2\/types\/page"}],"author":[{"embeddable":true,"href":"https:\/\/rrpneus.com.br\/site\/wp-json\/wp\/v2\/users\/2"}],"replies":[{"embeddable":true,"href":"https:\/\/rrpneus.com.br\/site\/wp-json\/wp\/v2\/comments?post=3238"}],"version-history":[{"count":31,"href":"https:\/\/rrpneus.com.br\/site\/wp-json\/wp\/v2\/pages\/3238\/revisions"}],"predecessor-version":[{"id":3290,"href":"https:\/\/rrpneus.com.br\/site\/wp-json\/wp\/v2\/pages\/3238\/revisions\/3290"}],"wp:attachment":[{"href":"https:\/\/rrpneus.com.br\/site\/wp-json\/wp\/v2\/media?parent=3238"}],"curies":[{"name":"wp","href":"https:\/\/api.w.org\/{rel}","templated":true}]}}